{"id":7598,"date":"2023-01-02T06:29:16","date_gmt":"2023-01-02T06:29:16","guid":{"rendered":"https:\/\/greencardguys.com\/?page_id=7598"},"modified":"2025-08-08T04:04:05","modified_gmt":"2025-08-08T04:04:05","slug":"pagar","status":"publish","type":"page","link":"https:\/\/greencardguys.com\/es\/pagar\/","title":{"rendered":"Green Card Pay"},"content":{"rendered":"<div data-elementor-type=\"wp-page\" data-elementor-id=\"7598\" class=\"elementor elementor-7598\" data-elementor-settings=\"{&quot;ha_cmc_init_switcher&quot;:&quot;no&quot;}\" data-elementor-post-type=\"page\">\n\t\t\t\t\t\t<section class=\"elementor-section elementor-top-section elementor-element elementor-element-6cb5c543 elementor-section-height-min-height elementor-section-content-middle elementor-section-boxed elementor-section-height-default elementor-section-items-middle\" data-id=\"6cb5c543\" data-element_type=\"section\" data-e-type=\"section\" data-settings=\"{&quot;background_background&quot;:&quot;classic&quot;,&quot;shape_divider_bottom&quot;:&quot;opacity-fan&quot;,&quot;_ha_eqh_enable&quot;:false}\">\n\t\t\t\t\t\t\t<div class=\"elementor-background-overlay\"><\/div>\n\t\t\t\t\t\t<div class=\"elementor-shape elementor-shape-bottom\" aria-hidden=\"true\" data-negative=\"false\">\n\t\t\t<svg xmlns=\"http:\/\/www.w3.org\/2000\/svg\" viewbox=\"0 0 283.5 19.6\" preserveaspectratio=\"none\">\n\t<path class=\"elementor-shape-fill\" style=\"opacity:0.33\" d=\"M0 0L0 18.8 141.8 4.1 283.5 18.8 283.5 0z\"\/>\n\t<path class=\"elementor-shape-fill\" style=\"opacity:0.33\" d=\"M0 0L0 12.6 141.8 4 283.5 12.6 283.5 0z\"\/>\n\t<path class=\"elementor-shape-fill\" style=\"opacity:0.33\" d=\"M0 0L0 6.4 141.8 4 283.5 6.4 283.5 0z\"\/>\n\t<path class=\"elementor-shape-fill\" d=\"M0 0L0 1.2 141.8 4 283.5 1.2 283.5 0z\"\/>\n<\/svg>\t\t<\/div>\n\t\t\t\t\t<div class=\"elementor-container elementor-column-gap-default\">\n\t\t\t\t\t<div class=\"elementor-column elementor-col-100 elementor-top-column elementor-element elementor-element-72e88503\" data-id=\"72e88503\" data-element_type=\"column\" data-e-type=\"column\">\n\t\t\t<div class=\"elementor-widget-wrap elementor-element-populated\">\n\t\t\t\t\t\t<div class=\"elementor-element elementor-element-61403c33 elementor-widget elementor-widget-heading\" data-id=\"61403c33\" data-element_type=\"widget\" data-e-type=\"widget\" data-widget_type=\"heading.default\">\n\t\t\t\t<div class=\"elementor-widget-container\">\n\t\t\t\t\t<h1 class=\"elementor-heading-title elementor-size-default\">\u00bfC\u00d3MO PAGAR?<\/h1>\t\t\t\t<\/div>\n\t\t\t\t<\/div>\n\t\t\t\t\t<\/div>\n\t\t<\/div>\n\t\t\t\t\t<\/div>\n\t\t<\/section>\n\t\t\t\t<section class=\"elementor-section elementor-top-section elementor-element elementor-element-5afe8d40 elementor-reverse-mobile elementor-section-boxed elementor-section-height-default elementor-section-height-default\" data-id=\"5afe8d40\" data-element_type=\"section\" data-e-type=\"section\" data-settings=\"{&quot;background_background&quot;:&quot;classic&quot;,&quot;shape_divider_bottom&quot;:&quot;arrow&quot;,&quot;_ha_eqh_enable&quot;:false}\">\n\t\t\t\t\t\t\t<div class=\"elementor-background-overlay\"><\/div>\n\t\t\t\t\t\t<div class=\"elementor-shape elementor-shape-bottom\" aria-hidden=\"true\" data-negative=\"false\">\n\t\t\t<svg xmlns=\"http:\/\/www.w3.org\/2000\/svg\" viewbox=\"0 0 700 10\" preserveaspectratio=\"none\">\n\t<path class=\"elementor-shape-fill\" d=\"M350,10L340,0h20L350,10z\"\/>\n<\/svg>\t\t<\/div>\n\t\t\t\t\t<div class=\"elementor-container elementor-column-gap-default\">\n\t\t\t\t\t<div class=\"elementor-column elementor-col-50 elementor-top-column elementor-element elementor-element-3331f613\" data-id=\"3331f613\" data-element_type=\"column\" data-e-type=\"column\">\n\t\t\t<div class=\"elementor-widget-wrap elementor-element-populated\">\n\t\t\t\t\t\t<div class=\"elementor-element elementor-element-bee18d1 ha-has-bg-overlay elementor-widget elementor-widget-heading\" data-id=\"bee18d1\" data-element_type=\"widget\" data-e-type=\"widget\" data-widget_type=\"heading.default\">\n\t\t\t\t<div class=\"elementor-widget-container\">\n\t\t\t\t\t<h2 class=\"elementor-heading-title elementor-size-default\">En funci\u00f3n del importe de la tasa, seleccione la opci\u00f3n  <b style=\"color:#020080\">opci\u00f3n adecuada <\/b>porque hay diferentes enlaces de pago si se paga por <b style=\"color:#020080\">honorarios de abogados <\/b> o <b style=\"color:#020080\">tasas gubernamentales. <\/b><\/h2>\t\t\t\t<\/div>\n\t\t\t\t<\/div>\n\t\t\t\t\t<\/div>\n\t\t<\/div>\n\t\t\t\t<div class=\"elementor-column elementor-col-50 elementor-top-column elementor-element elementor-element-e3d794c\" data-id=\"e3d794c\" data-element_type=\"column\" data-e-type=\"column\">\n\t\t\t<div class=\"elementor-widget-wrap elementor-element-populated\">\n\t\t\t\t\t\t<div class=\"elementor-element elementor-element-4aaf44e elementor-widget elementor-widget-spacer\" data-id=\"4aaf44e\" data-element_type=\"widget\" data-e-type=\"widget\" data-widget_type=\"spacer.default\">\n\t\t\t\t<div class=\"elementor-widget-container\">\n\t\t\t\t\t\t\t<div class=\"elementor-spacer\">\n\t\t\t<div class=\"elementor-spacer-inner\"><\/div>\n\t\t<\/div>\n\t\t\t\t\t\t<\/div>\n\t\t\t\t<\/div>\n\t\t\t\t<div class=\"elementor-element elementor-element-0b09d53 elementor-widget elementor-widget-heading\" data-id=\"0b09d53\" data-element_type=\"widget\" data-e-type=\"widget\" data-widget_type=\"heading.default\">\n\t\t\t\t<div class=\"elementor-widget-container\">\n\t\t\t\t\t<h2 class=\"elementor-heading-title elementor-size-default\">\u00bfC\u00f3mo puedo pagar? <b style=\"color:#020080\"><\/br>\u00bftarifas del gobierno?<\/b> <\/h2>\t\t\t\t<\/div>\n\t\t\t\t<\/div>\n\t\t<div class=\"elementor-element elementor-element-edf0773 e-flex e-con-boxed e-con e-parent\" data-id=\"edf0773\" data-element_type=\"container\" data-e-type=\"container\" data-settings=\"{&quot;_ha_eqh_enable&quot;:false}\">\n\t\t\t\t\t<div class=\"e-con-inner\">\n\t\t<div class=\"elementor-element elementor-element-4c5d05e e-con-full e-flex e-con e-child\" data-id=\"4c5d05e\" data-element_type=\"container\" data-e-type=\"container\" data-settings=\"{&quot;_ha_eqh_enable&quot;:false}\">\n\t\t\t\t<div class=\"elementor-element elementor-element-ee0eae3 elementor-widget__width-initial elementor-widget elementor-widget-image\" data-id=\"ee0eae3\" data-element_type=\"widget\" data-e-type=\"widget\" data-widget_type=\"image.default\">\n\t\t\t\t<div class=\"elementor-widget-container\">\n\t\t\t\t\t\t\t\t\t\t\t\t\t\t\t<img loading=\"lazy\" decoding=\"async\" width=\"300\" height=\"300\" src=\"https:\/\/greencardguys.com\/wp-content\/uploads\/2023\/01\/WEBSITE-GREEN-CARD-300x300.png\" class=\"elementor-animation-grow attachment-medium size-medium wp-image-7861\" alt=\"zelle\" srcset=\"https:\/\/greencardguys.com\/wp-content\/uploads\/2023\/01\/WEBSITE-GREEN-CARD-300x300.png 300w, https:\/\/greencardguys.com\/wp-content\/uploads\/2023\/01\/WEBSITE-GREEN-CARD-150x150.png 150w, https:\/\/greencardguys.com\/wp-content\/uploads\/2023\/01\/WEBSITE-GREEN-CARD-120x120.png 120w, https:\/\/greencardguys.com\/wp-content\/uploads\/2023\/01\/WEBSITE-GREEN-CARD.png 500w\" sizes=\"auto, (max-width: 300px) 100vw, 300px\" \/>\t\t\t\t\t\t\t\t\t\t\t\t\t\t\t<\/div>\n\t\t\t\t<\/div>\n\t\t\t\t<\/div>\n\t\t\t\t\t<\/div>\n\t\t\t\t<\/div>\n\t\t\t\t\t<\/div>\n\t\t<\/div>\n\t\t\t\t\t<\/div>\n\t\t<\/section>\n\t\t\t\t<section class=\"elementor-section elementor-top-section elementor-element elementor-element-t9nq118 elementor-section-content-middle elementor-section-boxed elementor-section-height-default elementor-section-height-default\" data-id=\"t9nq118\" data-element_type=\"section\" data-e-type=\"section\" data-settings=\"{&quot;background_background&quot;:&quot;classic&quot;,&quot;_ha_eqh_enable&quot;:false}\">\n\t\t\t\t\t\t\t<div class=\"elementor-background-overlay\"><\/div>\n\t\t\t\t\t\t\t<div class=\"elementor-container elementor-column-gap-no\">\n\t\t\t\t\t<div class=\"elementor-column elementor-col-100 elementor-top-column elementor-element elementor-element-e6c3cb2\" data-id=\"e6c3cb2\" data-element_type=\"column\" data-e-type=\"column\" data-settings=\"{&quot;background_background&quot;:&quot;classic&quot;}\">\n\t\t\t<div class=\"elementor-widget-wrap elementor-element-populated\">\n\t\t\t\t\t\t<section class=\"elementor-section elementor-inner-section elementor-element elementor-element-8fe3c28 elementor-section-content-middle elementor-section-boxed elementor-section-height-default elementor-section-height-default\" data-id=\"8fe3c28\" data-element_type=\"section\" data-e-type=\"section\" data-settings=\"{&quot;_ha_eqh_enable&quot;:false}\">\n\t\t\t\t\t\t<div class=\"elementor-container elementor-column-gap-no\">\n\t\t\t\t\t<div class=\"elementor-column elementor-col-33 elementor-inner-column elementor-element elementor-element-1d3972e\" data-id=\"1d3972e\" data-element_type=\"column\" data-e-type=\"column\">\n\t\t\t<div class=\"elementor-widget-wrap elementor-element-populated\">\n\t\t\t\t\t\t<div class=\"elementor-element elementor-element-97a9ca0 elementor-widget elementor-widget-image\" data-id=\"97a9ca0\" data-element_type=\"widget\" data-e-type=\"widget\" data-widget_type=\"image.default\">\n\t\t\t\t<div class=\"elementor-widget-container\">\n\t\t\t\t\t\t\t\t\t\t\t\t\t\t\t<img loading=\"lazy\" decoding=\"async\" width=\"300\" height=\"300\" src=\"https:\/\/greencardguys.com\/wp-content\/uploads\/2025\/07\/BYDcash-Website-Seal--300x300.webp\" class=\"attachment-medium size-medium wp-image-24730\" alt=\"BYDcash Website Seal\" srcset=\"https:\/\/greencardguys.com\/wp-content\/uploads\/2025\/07\/BYDcash-Website-Seal--300x300.webp 300w, https:\/\/greencardguys.com\/wp-content\/uploads\/2025\/07\/BYDcash-Website-Seal--150x150.webp 150w, https:\/\/greencardguys.com\/wp-content\/uploads\/2025\/07\/BYDcash-Website-Seal--768x768.webp 768w, https:\/\/greencardguys.com\/wp-content\/uploads\/2025\/07\/BYDcash-Website-Seal--12x12.webp 12w, https:\/\/greencardguys.com\/wp-content\/uploads\/2025\/07\/BYDcash-Website-Seal-.webp 900w\" sizes=\"auto, (max-width: 300px) 100vw, 300px\" \/>\t\t\t\t\t\t\t\t\t\t\t\t\t\t\t<\/div>\n\t\t\t\t<\/div>\n\t\t\t\t\t<\/div>\n\t\t<\/div>\n\t\t\t\t<div class=\"elementor-column elementor-col-66 elementor-inner-column elementor-element elementor-element-793edbe\" data-id=\"793edbe\" data-element_type=\"column\" data-e-type=\"column\">\n\t\t\t<div class=\"elementor-widget-wrap elementor-element-populated\">\n\t\t\t\t\t\t<div class=\"elementor-element elementor-element-53b3de6 elementor-widget elementor-widget-heading\" data-id=\"53b3de6\" data-element_type=\"widget\" data-e-type=\"widget\" data-widget_type=\"heading.default\">\n\t\t\t\t<div class=\"elementor-widget-container\">\n\t\t\t\t\t<h2 class=\"elementor-heading-title elementor-size-default\">Need Help Paying for Your <b style=\"color:#020080\">Immigration Case?<\/b> <\/h2>\t\t\t\t<\/div>\n\t\t\t\t<\/div>\n\t\t\t\t<div class=\"elementor-element elementor-element-1baaa5b elementor-widget__width-initial elementor-widget elementor-widget-text-editor\" data-id=\"1baaa5b\" data-element_type=\"widget\" data-e-type=\"widget\" data-widget_type=\"text-editor.default\">\n\t\t\t\t<div class=\"elementor-widget-container\">\n\t\t\t\t\t\t\t\t\t<p>We understand that immigration legal services can be a big investment\u2014but that shouldn\u2019t stop you from getting the help you need.<\/p><p>\u00a0<\/p><p>That\u2019s why we\u2019ve partnered with <strong>BYDCash<\/strong>, a trusted financing provider, to make your journey easier and more affordable.<\/p>\t\t\t\t\t\t\t\t<\/div>\n\t\t\t\t<\/div>\n\t\t\t\t<div class=\"elementor-element elementor-element-0692c9f elementor-widget elementor-widget-heading\" data-id=\"0692c9f\" data-element_type=\"widget\" data-e-type=\"widget\" data-widget_type=\"heading.default\">\n\t\t\t\t<div class=\"elementor-widget-container\">\n\t\t\t\t\t<h2 class=\"elementor-heading-title elementor-size-default\">\u00bfQu\u00e9 es el  <b style=\"color:#020080\"> BYDCash?<\/b> <\/h2>\t\t\t\t<\/div>\n\t\t\t\t<\/div>\n\t\t\t\t<div class=\"elementor-element elementor-element-e08caa5 elementor-widget elementor-widget-text-editor\" data-id=\"e08caa5\" data-element_type=\"widget\" data-e-type=\"widget\" data-widget_type=\"text-editor.default\">\n\t\t\t\t<div class=\"elementor-widget-container\">\n\t\t\t\t\t\t\t\t\t<p><strong>BYDCash<\/strong> helps clients like you break down the cost of legal fees into manageable monthly payments. Finance your legal costs and government filing fees and start your immigration journey today. No Social Security or credit score is required.\u00a0<\/p>\t\t\t\t\t\t\t\t<\/div>\n\t\t\t\t<\/div>\n\t\t\t\t<div class=\"elementor-element elementor-element-e8fae03 elementor-mobile-align-center elementor-align-left elementor-widget elementor-widget-button\" data-id=\"e8fae03\" data-element_type=\"widget\" data-e-type=\"widget\" data-widget_type=\"button.default\">\n\t\t\t\t<div class=\"elementor-widget-container\">\n\t\t\t\t\t\t\t\t\t<div class=\"elementor-button-wrapper\">\n\t\t\t\t\t<a class=\"elementor-button elementor-button-link elementor-size-sm elementor-animation-grow\" href=\"https:\/\/greencardguys.com\/es\/contacto\/\">\n\t\t\t\t\t\t<span class=\"elementor-button-content-wrapper\">\n\t\t\t\t\t\t\t\t\t<span class=\"elementor-button-text\">Meet with the Team and ask about BYDCash!<\/span>\n\t\t\t\t\t<\/span>\n\t\t\t\t\t<\/a>\n\t\t\t\t<\/div>\n\t\t\t\t\t\t\t\t<\/div>\n\t\t\t\t<\/div>\n\t\t\t\t\t<\/div>\n\t\t<\/div>\n\t\t\t\t\t<\/div>\n\t\t<\/section>\n\t\t\t\t\t<\/div>\n\t\t<\/div>\n\t\t\t\t\t<\/div>\n\t\t<\/section>\n\t\t<div class=\"elementor-element elementor-element-39dc2feb e-con-full e-flex e-con e-parent\" data-id=\"39dc2feb\" data-element_type=\"container\" data-e-type=\"container\" data-settings=\"{&quot;background_background&quot;:&quot;classic&quot;,&quot;_ha_eqh_enable&quot;:false}\">\n\t\t<div class=\"elementor-element elementor-element-7a6f08e4 e-con-full e-flex e-con e-child\" data-id=\"7a6f08e4\" data-element_type=\"container\" data-e-type=\"container\" data-settings=\"{&quot;_ha_eqh_enable&quot;:false}\">\n\t\t\t\t<div class=\"elementor-element elementor-element-333f492a elementor-widget-mobile__width-initial elementor-widget elementor-widget-heading\" data-id=\"333f492a\" data-element_type=\"widget\" data-e-type=\"widget\" data-widget_type=\"heading.default\">\n\t\t\t\t<div class=\"elementor-widget-container\">\n\t\t\t\t\t<h2 class=\"elementor-heading-title elementor-size-default\">\u00bfPuedo obtener  <b>cr\u00e9dito<\/b> o <b> \u00bfPedir dinero prestado?<\/b>\n\n<\/h2>\t\t\t\t<\/div>\n\t\t\t\t<\/div>\n\t\t\t\t<div class=\"elementor-element elementor-element-edd2893 elementor-widget-divider--view-line elementor-widget elementor-widget-divider\" data-id=\"edd2893\" data-element_type=\"widget\" data-e-type=\"widget\" data-widget_type=\"divider.default\">\n\t\t\t\t<div class=\"elementor-widget-container\">\n\t\t\t\t\t\t\t<div class=\"elementor-divider\">\n\t\t\t<span class=\"elementor-divider-separator\">\n\t\t\t\t\t\t<\/span>\n\t\t<\/div>\n\t\t\t\t\t\t<\/div>\n\t\t\t\t<\/div>\n\t\t\t\t<\/div>\n\t\t<div class=\"elementor-element elementor-element-762d3fa0 e-con-full e-flex e-con e-child\" data-id=\"762d3fa0\" data-element_type=\"container\" data-e-type=\"container\" data-settings=\"{&quot;_ha_eqh_enable&quot;:false}\">\n\t\t\t\t<div class=\"elementor-element elementor-element-700d8008 elementor-widget__width-inherit elementor-widget elementor-widget-toggle\" data-id=\"700d8008\" data-element_type=\"widget\" data-e-type=\"widget\" data-widget_type=\"toggle.default\">\n\t\t\t\t<div class=\"elementor-widget-container\">\n\t\t\t\t\t\t\t<div class=\"elementor-toggle\">\n\t\t\t\t\t\t\t<div class=\"elementor-toggle-item\">\n\t\t\t\t\t<h6 id=\"elementor-tab-title-1871\" class=\"elementor-tab-title\" data-tab=\"1\" role=\"button\" aria-controls=\"elementor-tab-content-1871\" aria-expanded=\"false\">\n\t\t\t\t\t\t\t\t\t\t\t\t<span class=\"elementor-toggle-icon elementor-toggle-icon-right\" aria-hidden=\"true\">\n\t\t\t\t\t\t\t\t\t\t\t\t\t\t\t<span class=\"elementor-toggle-icon-closed\"><i class=\"fas fa-caret-square-down\"><\/i><\/span>\n\t\t\t\t\t\t\t\t<span class=\"elementor-toggle-icon-opened\"><\/span>\n\t\t\t\t\t\t\t\t\t\t\t\t\t<\/span>\n\t\t\t\t\t\t\t\t\t\t\t\t<a class=\"elementor-toggle-title\" tabindex=\"0\"><p style=\"color:#020080\">Opci\u00f3n 1: El programa de Lawpay llamado ClientCredit a trav\u00e9s de Affirm. <\/p><\/a>\n\t\t\t\t\t<\/h6>\n\n\t\t\t\t\t<div id=\"elementor-tab-content-1871\" class=\"elementor-tab-content elementor-clearfix\" data-tab=\"1\" role=\"region\" aria-labelledby=\"elementor-tab-title-1871\"><p>Esto es de Lawpay: Usted tiene m\u00faltiples opciones para pagar su servicio legal, que incluyen efectivo, cheque, tarjeta de cr\u00e9dito o d\u00e9bito y pr\u00e9stamos a plazos. Para su comodidad, ponemos a su disposici\u00f3n Affirm. Affirm permite a los clientes pagar por los servicios a plazos en cantidades fijas sin intereses diferidos, cargos ocultos, o penalidades. Ni nuestra oficina ni ning\u00fan empleado tiene una relaci\u00f3n financiera con Affirm, ni recibimos ninguna compensaci\u00f3n por proporcionarle esta informaci\u00f3n. Usted debe considerar cuidadosamente su capacidad de reembolso antes de tomar cualquier pr\u00e9stamo.<\/p><p>Haga clic en <span style=\"color: #339966;\">\u279c<\/span> Pague m\u00e1s tarde para solicitar la opci\u00f3n de cr\u00e9dito con <a href=\"https:\/\/secure.lawpay.com\/pages\/tinglaw\/operating\" target=\"_blank\" rel=\"noopener\">Proveedor de Lawpay<\/a>.<\/p><p><img loading=\"lazy\" decoding=\"async\" class=\"alignnone wp-image-8218 size-medium\" src=\"http:\/\/greencardguys.com\/wp-content\/uploads\/2023\/01\/payment-method-246x300.png\" alt=\"Formas de pago\" width=\"246\" height=\"300\" srcset=\"https:\/\/greencardguys.com\/wp-content\/uploads\/2023\/01\/payment-method-246x300.png 246w, https:\/\/greencardguys.com\/wp-content\/uploads\/2023\/01\/payment-method-839x1024.png 839w, https:\/\/greencardguys.com\/wp-content\/uploads\/2023\/01\/payment-method-768x938.png 768w, https:\/\/greencardguys.com\/wp-content\/uploads\/2023\/01\/payment-method.png 1144w\" sizes=\"auto, (max-width: 246px) 100vw, 246px\" \/><\/p><\/div>\n\t\t\t\t<\/div>\n\t\t\t\t\t\t\t\t<\/div>\n\t\t\t\t\t\t<\/div>\n\t\t\t\t<\/div>\n\t\t\t\t<div class=\"elementor-element elementor-element-349f0611 elementor-widget__width-inherit elementor-widget elementor-widget-toggle\" data-id=\"349f0611\" data-element_type=\"widget\" data-e-type=\"widget\" data-widget_type=\"toggle.default\">\n\t\t\t\t<div class=\"elementor-widget-container\">\n\t\t\t\t\t\t\t<div class=\"elementor-toggle\">\n\t\t\t\t\t\t\t<div class=\"elementor-toggle-item\">\n\t\t\t\t\t<h6 id=\"elementor-tab-title-8821\" class=\"elementor-tab-title\" data-tab=\"1\" role=\"button\" aria-controls=\"elementor-tab-content-8821\" aria-expanded=\"false\">\n\t\t\t\t\t\t\t\t\t\t\t\t<span class=\"elementor-toggle-icon elementor-toggle-icon-right\" aria-hidden=\"true\">\n\t\t\t\t\t\t\t\t\t\t\t\t\t\t\t<span class=\"elementor-toggle-icon-closed\"><i class=\"fas fa-caret-square-down\"><\/i><\/span>\n\t\t\t\t\t\t\t\t<span class=\"elementor-toggle-icon-opened\"><\/span>\n\t\t\t\t\t\t\t\t\t\t\t\t\t<\/span>\n\t\t\t\t\t\t\t\t\t\t\t\t<a class=\"elementor-toggle-title\" tabindex=\"0\"><p style=\"color:#020080\">Opci\u00f3n 2: Programa de cr\u00e9dito de Paypal  <\/p><\/a>\n\t\t\t\t\t<\/h6>\n\n\t\t\t\t\t<div id=\"elementor-tab-content-8821\" class=\"elementor-tab-content elementor-clearfix\" data-tab=\"1\" role=\"region\" aria-labelledby=\"elementor-tab-title-8821\"><p>Esto es de <a href=\"https:\/\/www.paypal.com\/us\/webapps\/mpp\/paypal-credit\" target=\"_blank\" rel=\"noopener\">PayPal<\/a>:<\/p><ul><li style=\"list-style-type: none;\"><ul><li>No se le cobrar\u00e1n intereses por la compra si la paga \u00edntegramente en un plazo de 6 meses. Si no lo hace, se le cobrar\u00e1n intereses por la compra a partir de la fecha de compra al TAE de compra aplicable a su cuenta.<\/li><li>Para cuentas nuevas: La TAE de compra variable es del 26,24%. La TAE es exacta a partir del 9\/1\/2022 y variar\u00e1 con el mercado en funci\u00f3n del tipo de inter\u00e9s preferente (tal y como se define en el contrato de su tarjeta de cr\u00e9dito). El cargo m\u00ednimo por intereses es de $2.00.<\/li><\/ul><\/li><\/ul><\/div>\n\t\t\t\t<\/div>\n\t\t\t\t\t\t\t\t<\/div>\n\t\t\t\t\t\t<\/div>\n\t\t\t\t<\/div>\n\t\t\t\t<\/div>\n\t\t\t\t<\/div>\n\t\t<div class=\"elementor-element elementor-element-36777fe e-con-full e-flex e-con e-parent\" data-id=\"36777fe\" data-element_type=\"container\" data-e-type=\"container\" data-settings=\"{&quot;_ha_eqh_enable&quot;:false}\">\n\t\t<div class=\"elementor-element elementor-element-ed402cb e-con-full e-flex e-con e-child\" data-id=\"ed402cb\" data-element_type=\"container\" data-e-type=\"container\" data-settings=\"{&quot;_ha_eqh_enable&quot;:false}\">\n\t\t\t\t<div class=\"elementor-element elementor-element-0746454 elementor-widget-mobile__width-initial elementor-widget elementor-widget-heading\" data-id=\"0746454\" data-element_type=\"widget\" data-e-type=\"widget\" data-widget_type=\"heading.default\">\n\t\t\t\t<div class=\"elementor-widget-container\">\n\t\t\t\t\t<h2 class=\"elementor-heading-title elementor-size-default\">Aceptado<b> Seguros <\/b> <\/h2>\t\t\t\t<\/div>\n\t\t\t\t<\/div>\n\t\t\t\t<\/div>\n\t\t<div class=\"elementor-element elementor-element-6f75c03 e-con-full e-flex e-con e-child\" data-id=\"6f75c03\" data-element_type=\"container\" data-e-type=\"container\" data-settings=\"{&quot;_ha_eqh_enable&quot;:false}\">\n\t\t<div class=\"elementor-element elementor-element-bda9785 e-con-full e-flex e-con e-child\" data-id=\"bda9785\" data-element_type=\"container\" data-e-type=\"container\" data-settings=\"{&quot;_ha_eqh_enable&quot;:false}\">\n\t\t\t\t<div class=\"elementor-element elementor-element-c8c4a69 elementor-widget elementor-widget-image\" data-id=\"c8c4a69\" data-element_type=\"widget\" data-e-type=\"widget\" data-widget_type=\"image.default\">\n\t\t\t\t<div class=\"elementor-widget-container\">\n\t\t\t\t\t\t\t\t\t\t\t\t\t\t\t\t<a href=\"https:\/\/texaslegal.org\/other-areas-of-law\" target=\"_blank\" rel=\"noopener\">\n\t\t\t\t\t\t\t<img loading=\"lazy\" decoding=\"async\" width=\"245\" height=\"100\" src=\"https:\/\/greencardguys.com\/wp-content\/uploads\/2025\/05\/Texas-Legal.webp\" class=\"attachment-large size-large wp-image-23149\" alt=\"Texas Legal\" srcset=\"https:\/\/greencardguys.com\/wp-content\/uploads\/2025\/05\/Texas-Legal.webp 245w, https:\/\/greencardguys.com\/wp-content\/uploads\/2025\/05\/Texas-Legal-18x7.webp 18w\" sizes=\"auto, (max-width: 245px) 100vw, 245px\" \/>\t\t\t\t\t\t\t\t<\/a>\n\t\t\t\t\t\t\t\t\t\t\t\t\t\t\t<\/div>\n\t\t\t\t<\/div>\n\t\t\t\t<\/div>\n\t\t<div class=\"elementor-element elementor-element-12a2629 e-con-full e-flex e-con e-child\" data-id=\"12a2629\" data-element_type=\"container\" data-e-type=\"container\" data-settings=\"{&quot;_ha_eqh_enable&quot;:false}\">\n\t\t\t\t<div class=\"elementor-element elementor-element-3f473a6 elementor-widget elementor-widget-image\" data-id=\"3f473a6\" data-element_type=\"widget\" data-e-type=\"widget\" data-widget_type=\"image.default\">\n\t\t\t\t<div class=\"elementor-widget-container\">\n\t\t\t\t\t\t\t\t\t\t\t\t\t\t\t\t<a href=\"https:\/\/www.araglegal.com\/\" target=\"_blank\" rel=\"noopener\">\n\t\t\t\t\t\t\t<img loading=\"lazy\" decoding=\"async\" width=\"245\" height=\"100\" src=\"https:\/\/greencardguys.com\/wp-content\/uploads\/2025\/05\/ARAG.webp\" class=\"attachment-large size-large wp-image-23151\" alt=\"ARAG\" srcset=\"https:\/\/greencardguys.com\/wp-content\/uploads\/2025\/05\/ARAG.webp 245w, https:\/\/greencardguys.com\/wp-content\/uploads\/2025\/05\/ARAG-18x7.webp 18w\" sizes=\"auto, (max-width: 245px) 100vw, 245px\" \/>\t\t\t\t\t\t\t\t<\/a>\n\t\t\t\t\t\t\t\t\t\t\t\t\t\t\t<\/div>\n\t\t\t\t<\/div>\n\t\t\t\t<\/div>\n\t\t\t\t<\/div>\n\t\t\t\t<\/div>\n\t\t\t\t<\/div>","protected":false},"excerpt":{"rendered":"<p>HOW TO PAY? Depending what the fee is for, please select the appropriate option because there are different payment links if you are paying for attorney fees or government fees. How do I pay government fees? Need Help Paying for Your Immigration Case? We understand that immigration legal services can be a big investment\u2014but that [&hellip;]<\/p>\n","protected":false},"author":7,"featured_media":0,"parent":0,"menu_order":0,"comment_status":"closed","ping_status":"closed","template":"","meta":{"nf_dc_page":"","footnotes":""},"class_list":["post-7598","page","type-page","status-publish","hentry"],"_links":{"self":[{"href":"https:\/\/greencardguys.com\/es\/wp-json\/wp\/v2\/pages\/7598","targetHints":{"allow":["GET"]}}],"collection":[{"href":"https:\/\/greencardguys.com\/es\/wp-json\/wp\/v2\/pages"}],"about":[{"href":"https:\/\/greencardguys.com\/es\/wp-json\/wp\/v2\/types\/page"}],"author":[{"embeddable":true,"href":"https:\/\/greencardguys.com\/es\/wp-json\/wp\/v2\/users\/7"}],"replies":[{"embeddable":true,"href":"https:\/\/greencardguys.com\/es\/wp-json\/wp\/v2\/comments?post=7598"}],"version-history":[{"count":5,"href":"https:\/\/greencardguys.com\/es\/wp-json\/wp\/v2\/pages\/7598\/revisions"}],"predecessor-version":[{"id":25029,"href":"https:\/\/greencardguys.com\/es\/wp-json\/wp\/v2\/pages\/7598\/revisions\/25029"}],"wp:attachment":[{"href":"https:\/\/greencardguys.com\/es\/wp-json\/wp\/v2\/media?parent=7598"}],"curies":[{"name":"wp","href":"https:\/\/api.w.org\/{rel}","templated":true}]}}